{"id":102,"date":"2013-12-24T19:13:35","date_gmt":"2013-12-24T18:13:35","guid":{"rendered":"http:\/\/blog.bzvi.de\/?page_id=102"},"modified":"2018-05-26T12:01:33","modified_gmt":"2018-05-26T11:01:33","slug":"andere-quellen","status":"publish","type":"page","link":"https:\/\/blog.bzvi.de\/?page_id=102","title":{"rendered":"Andere Quellen"},"content":{"rendered":"<p>Die hier aufgef\u00fchrten Skripte mit ihren links sind teilweise \u00e4lteren Datums und insbesondere durch Gesetzes\u00e4nderungen in manchen Bereichen nicht mehr v\u00f6llig zutreffend (hier bitte besonders auf die Neugestaltung des Verfahrens zur ehedem &#8222;Eidesstattlichen Offenbarungsversicherung&#8220;, die jetzt schlicht &#8222;Verm\u00f6gensauskunft&#8220; hei\u00dft, achten). Gleichwohl soll dies als Anregung zur eigenst\u00e4ndigen Suche bei den zahlreichen Justizschulen in der BRD dienen. Hier der Link zur Schule. Leider sind die Scripts nur noch nach Anmeldung erreichbar anstatt \u00f6ffentlich zug\u00e4nglich zu sein. Schade.<\/p>\n<ul>\n<li><a href=\"http:\/\/www.justiz.bayern.de\/gericht\/olg\/js\/lehr\/skript\/\" target=\"_blank\" rel=\"noopener\">Internetseite der \u201cBayerischen Justizschule Pegnitz\u201d:<\/a><\/li>\n<\/ul>\n","protected":false},"excerpt":{"rendered":"<p>Die hier aufgef\u00fchrten Skripte mit ihren links sind teilweise \u00e4lteren Datums und insbesondere durch Gesetzes\u00e4nderungen in manchen Bereichen nicht mehr v\u00f6llig zutreffend (hier bitte besonders auf die Neugestaltung des Verfahrens zur ehedem &#8222;Eidesstattlichen Offenbarungsversicherung&#8220;, die jetzt schlicht &#8222;Verm\u00f6gensauskunft&#8220; hei\u00dft, achten). &hellip; <a class=\"more-link\" href=\"https:\/\/blog.bzvi.de\/?page_id=102\">weiterlesen<\/a><\/p>","protected":false},"author":1,"featured_media":0,"parent":96,"menu_order":3,"comment_status":"open","ping_status":"open","template":"","meta":{"footnotes":""},"class_list":["post-102","page","type-page","status-publish","hentry"],"_links":{"self":[{"href":"https:\/\/blog.bzvi.de\/index.php?rest_route=\/wp\/v2\/pages\/102","targetHints":{"allow":["GET"]}}],"collection":[{"href":"https:\/\/blog.bzvi.de\/index.php?rest_route=\/wp\/v2\/pages"}],"about":[{"href":"https:\/\/blog.bzvi.de\/index.php?rest_route=\/wp\/v2\/types\/page"}],"author":[{"embeddable":true,"href":"https:\/\/blog.bzvi.de\/index.php?rest_route=\/wp\/v2\/users\/1"}],"replies":[{"embeddable":true,"href":"https:\/\/blog.bzvi.de\/index.php?rest_route=%2Fwp%2Fv2%2Fcomments&post=102"}],"version-history":[{"count":6,"href":"https:\/\/blog.bzvi.de\/index.php?rest_route=\/wp\/v2\/pages\/102\/revisions"}],"predecessor-version":[{"id":287,"href":"https:\/\/blog.bzvi.de\/index.php?rest_route=\/wp\/v2\/pages\/102\/revisions\/287"}],"up":[{"embeddable":true,"href":"https:\/\/blog.bzvi.de\/index.php?rest_route=\/wp\/v2\/pages\/96"}],"wp:attachment":[{"href":"https:\/\/blog.bzvi.de\/index.php?rest_route=%2Fwp%2Fv2%2Fmedia&parent=102"}],"curies":[{"name":"wp","href":"https:\/\/api.w.org\/{rel}","templated":true}]}}