{"id":106,"date":"2013-12-24T19:20:50","date_gmt":"2013-12-24T18:20:50","guid":{"rendered":"http:\/\/blog.bzvi.de\/?page_id=106"},"modified":"2013-12-24T19:20:50","modified_gmt":"2013-12-24T18:20:50","slug":"entscheidungen","status":"publish","type":"page","link":"https:\/\/blog.bzvi.de\/?page_id=106","title":{"rendered":"Entscheidungen"},"content":{"rendered":"<p>Die andauernde Fortbildung des Rechts ist eine durch die Vielzahl individueller F\u00e4lle, die vom Gesetzesrahmen begleitet, jedoch immer wieder mit neuem Leben erf\u00fcllt und daher im Lichte der jeweiligen Lebens-Wirklichkeit gel\u00f6st werden m\u00fcssen, liegt in der Verantwortung der Richterinnen und Richter in unserem Land. Der Alltag an den deutschen Gerichten in ihrer hierarchischen Staffelung f\u00fchrt diese Richterpers\u00f6nlichkeiten immer wieder an Grenzen, die es aktuell zu \u00fcberwinden gilt, um die Horizonte der Rechtsprechung zu weiten und damit dem konkreten Fall bestm\u00f6glich gerecht zu werden.<\/p>\n<p>Diese fortlaufende Entwicklung kristallisiert sich auf allen Ebenen der Rechtsprechung und findet besonderen Niederschlag in den Beschl\u00fcssen der obersten Gerichte. Neben den f\u00fcr die Fachwelt oft mit hohen laufenden Kosten verbundenen M\u00f6glichkeiten der Online-Recherche in den Urteilssammlungen gibt es jedoch f\u00fcr die wichtigsten Gerichte, den Bundesgerichtshof und das Bundesverfassungsgericht, seit einigen Jahren den freien Zugang f\u00fcr jedermann (z.B. beim BGH Recherche in Beschl\u00fcssen seit dem Jahr 2000). Daneben gibt es gebietsspezifische Zusammenstellungen zu bestimmten Themenkreisen, die teilweise von Anw\u00e4lten, Interessenverb\u00e4nden und anderen f\u00fcr die Allgemeinheitverf\u00fcgbar gemacht worden sind und werden.<\/p>\n<p>Die folgenden links bauen erste Br\u00fccken f\u00fcr die eigene Suche:<\/p>\n<p><a href=\"http:\/\/www.bundesgerichtshof.de\/\" target=\"_blank\">www.bundesgerichtshof.de<\/a><\/p>\n<p><a href=\"http:\/\/www.bundesverfassungsgericht.de\/\" target=\"_blank\">www.bundesverfassungsgericht.de <\/a><\/p>\n<p><a href=\"http:\/\/www.coe.int\/T\/D\/Menschenrechtsgerichtshof\/Dokumente_auf_Deutsch\/\" target=\"_blank\">Entscheidungen des Europ\u00e4ischen Gerichtshofs f\u00fcr Menschenrechte (auf Deutsch)<\/a><\/p>\n","protected":false},"excerpt":{"rendered":"<p>Die andauernde Fortbildung des Rechts ist eine durch die Vielzahl individueller F\u00e4lle, die vom Gesetzesrahmen begleitet, jedoch immer wieder mit neuem Leben erf\u00fcllt und daher im Lichte der jeweiligen Lebens-Wirklichkeit gel\u00f6st werden m\u00fcssen, liegt in der Verantwortung der Richterinnen und &hellip; <a class=\"more-link\" href=\"https:\/\/blog.bzvi.de\/?page_id=106\">weiterlesen<\/a><\/p>","protected":false},"author":1,"featured_media":0,"parent":96,"menu_order":5,"comment_status":"open","ping_status":"open","template":"","meta":{"footnotes":""},"class_list":["post-106","page","type-page","status-publish","hentry"],"_links":{"self":[{"href":"https:\/\/blog.bzvi.de\/index.php?rest_route=\/wp\/v2\/pages\/106","targetHints":{"allow":["GET"]}}],"collection":[{"href":"https:\/\/blog.bzvi.de\/index.php?rest_route=\/wp\/v2\/pages"}],"about":[{"href":"https:\/\/blog.bzvi.de\/index.php?rest_route=\/wp\/v2\/types\/page"}],"author":[{"embeddable":true,"href":"https:\/\/blog.bzvi.de\/index.php?rest_route=\/wp\/v2\/users\/1"}],"replies":[{"embeddable":true,"href":"https:\/\/blog.bzvi.de\/index.php?rest_route=%2Fwp%2Fv2%2Fcomments&post=106"}],"version-history":[{"count":1,"href":"https:\/\/blog.bzvi.de\/index.php?rest_route=\/wp\/v2\/pages\/106\/revisions"}],"predecessor-version":[{"id":107,"href":"https:\/\/blog.bzvi.de\/index.php?rest_route=\/wp\/v2\/pages\/106\/revisions\/107"}],"up":[{"embeddable":true,"href":"https:\/\/blog.bzvi.de\/index.php?rest_route=\/wp\/v2\/pages\/96"}],"wp:attachment":[{"href":"https:\/\/blog.bzvi.de\/index.php?rest_route=%2Fwp%2Fv2%2Fmedia&parent=106"}],"curies":[{"name":"wp","href":"https:\/\/api.w.org\/{rel}","templated":true}]}}