{"id":110,"date":"2013-12-24T19:26:26","date_gmt":"2013-12-24T18:26:26","guid":{"rendered":"http:\/\/blog.bzvi.de\/?page_id=110"},"modified":"2018-05-26T13:20:33","modified_gmt":"2018-05-26T12:20:33","slug":"seminare","status":"publish","type":"page","link":"https:\/\/blog.bzvi.de\/?page_id=110","title":{"rendered":"Seminare"},"content":{"rendered":"<div>\n<p><strong>Ein differenziertes Wissen hinsichtlich der Lage, in der man sich als von der Zwangsversteigerung Betroffener befindet, ein Wissen um die Gesetze in Beziehung zum Rechtsalltag, die Denkweisen aller an diesem Prozess beteiligten Menschen (seien es die Rechtspfleger, B\u00e4nker, man selbst und viele andere) \u2013 all das ist erste Voraussetzung daf\u00fcr, dass man nicht als Opferlamm, gedem\u00fctigt und von der Gesellschaft ausgesto\u00dfen, sich dem scheinbar unvermeidlichen Untergang hingibt.<\/strong><\/p>\n<p>Aus diesem Grunde und um dabei zu helfen, den Wandel zum mitgestaltenden aktiven Teilnehmer im Zwangsversteigerungsverfahren rasch vollziehen zu k\u00f6nnen, veranstaltet der BZVI e.V. regelm\u00e4\u00dfig und nach Bedarf Wochenend-Seminare, die diese Grundkenntnisse und eine allgemeine Orientierung vermitteln.<\/p>\n<ol>\n<li>Grundlagenseminar<\/li>\n<li>Rechtsmittelseminar<\/li>\n<\/ol>\n<p>\u2014\u2014\u2014\u2014\u2014\u2014\u2014\u2014\u2014\u2014\u2014\u2014\u2014\u2013<\/p>\n<p><strong>1. Grundlagenseminar:<\/strong><\/p>\n<p>Inhalte:<\/p>\n<ul>\n<li>Das B\u00fcndnis f\u00fcr Zwangsversteigerungs- und Insolvenzbetroffene e.V.<\/li>\n<li>Ziele und Arbeitsweise des BZVI e.V.<\/li>\n<li>Welche Ma\u00dfnahmen k\u00f6nnen wir zusammen mit den Betroffenen ergreifen?<\/li>\n<li>Individuelle Rechtsberatung nur f\u00fcr Mitglieder des BZVI e.V. nach\u00a7 7 Rechtsdienstleistungsgesetz<\/li>\n<li>Was ist der Rettungsfond?<\/li>\n<li>Welche Voraussetzungen m\u00fcssen erf\u00fcllt werden, damit der Rettungsfond in Anspruch genommen werden kann?<\/li>\n<li>M\u00f6gliche Vorgehensweisen zur Rettung, die bereits erfolgreich umgesetzt worden sind (anhand durchgef\u00fchrter F\u00e4lle).<\/li>\n<\/ul>\n<ul>\n<li>Kurze Geschichte des Zwangsversteigerungsrechts<\/li>\n<li>Der regul\u00e4re Ablauf einer Zwangsversteigerung<\/li>\n<li>Die Rechte des Schuldners<\/li>\n<li>Welche Rechtsmittel die Gesetze dem Schuldner zubilligen<\/li>\n<li>Strategische \u00dcberlegungen f\u00fcr eine Gesamtl\u00f6sung<\/li>\n<li>Das Heer der \u201eteuren\u201c Helfer<\/li>\n<li>Warum wir von illegalen und unbegr\u00fcndeten Ma\u00dfnahmen dringend abraten<\/li>\n<li>Von der gro\u00dfen Bedeutung einer guten Lebenspartnerschaft in Zeiten der ZV<\/li>\n<li>Was uns eigentlich so fertig macht<\/li>\n<li>Der kreative Umgang mit dem \u201eKopfkino\u201c<\/li>\n<li>Wie Rechtspfleger denken<\/li>\n<li>Wie Richter denken<\/li>\n<li>Wie Banker denken<\/li>\n<li>Wie Schuldner denken<\/li>\n<li>Warum ausgerechnet \u201emein\u201c Rechtsanwalt nichts unternimmt<\/li>\n<li>Warum das System nur funktioniert, wenn wir uns nicht zur Wehr setzen<\/li>\n<li>Tricks der Banken<\/li>\n<li>Forderungsverkauf \u2013 der moderne Sklavenhandel mit den \u201cH\u00e4uslebauern\u201d<\/li>\n<li>Verhandeln oder k\u00e4mpfen?<\/li>\n<\/ul>\n<ul>\n<li>Gesundheitliche Vorsorge und Probleme in der Krisensituation<\/li>\n<li>Das erfolgreiche Zusammenwirken von Frau und Mann in der Partnerschaft und das gro\u00dfe Geschenk einer funktionierenden Beziehung in Krisenzeiten.<\/li>\n<li>St\u00e4rken und Schw\u00e4chen der Partner und wie sie optimal zusammenwirken k\u00f6nnen.<\/li>\n<li>Worauf k\u00f6nnen vorhandene Blockaden beruhen und wie kann man sie praktisch l\u00f6sen?<\/li>\n<li>Ersatzstrategien bei nicht vorhandener funktionierender Partnerschaft.<\/li>\n<li>Warum es besonders wichtig ist, Probleme nicht einsam und allein zu schultern, sondern stets ein \u201eTeam\u201c f\u00fcr den geistigen und seelischen Austausch zu suchen und aufzubauen, das einen durch die Krisenzeiten begleitet und das jederzeit f\u00fcr einen ansprechbar ist.<\/li>\n<li>\u2026 und zahlreiche weitere Themen \u2026<\/li>\n<\/ul>\n<p>\u2026und nat\u00fcrlich viel Raum f\u00fcr Fragen, Gespr\u00e4che, Gedankenaustausch, Ideen\u2026<\/p>\n<p>\u2014\u2014\u2014\u2014\u2014\u2014\u2014\u2014\u2014\u2014\u2014\u2014\u2014\u2014\u2014\u2014\u2014\u2014\u2014\u2014\u2014\u2014\u2013<\/p>\n<p><strong>2. Rechtsmittelseminar <\/strong><\/p>\n<p>Dieses Seminar baut auf dem Grundlagenseminar auf (setzt dieses gewisserma\u00dfen inhaltlich voraus, oder aber die entsprechenden Kenntnisse sind beim Teilnehmer bereits vorhanden) und ist insoweit im Regelfall den Mitgliedern des Vereins vorbehalten. Der Umstand, dass in Verfahren vor dem Rechtspfleger kein Anwaltszwang (\u00a7 13 RPflG) herrscht und man als Betroffener oftmals auch aus Mangel an finanziellen Mitteln nicht in der Lage sein wird, die Kosten f\u00fcr eine anwaltliche Begleitung zu tragen, bleibt uns nichts \u00fcbrig, als uns konsequent lernend in die rechtlichen Zusammenh\u00e4nge einzuarbeiten.<\/p>\n<p>Aber auch bei oftmals durchaus empfehlenswerter Begleitung durch einen kompetenten Anwalt ist es enorm hilfreich, eine gute eigene Kenntnislage aufzubauen, damit man getreu dem (etwas schlicht gestrickten) Sprichwort <em>\u201cEin Anwalt ist nur so gut wie sein Mandant\u201d <\/em>eine optimale Zusammenarbeit erreicht<\/p>\n<p>Inhalte:<\/p>\n<p>Ziel des zweit\u00e4gigen Seminars ist es, dass die Teilnehmer danach die Abl\u00e4ufe des Zwangsversteigerungsverfahrens, die wichtigsten Antr\u00e4ge, Beschwerdevortr\u00e4ge und -begr\u00fcndungen, den Umgang mit der Fachliteratur, Internetrecherche hinsichtlich BGH-Urteilen und anderen relevanten Bezugsf\u00e4llen sowie andere Hilfsmittel kennen und grundlegend begreifen, damit sie in der Lage sind, auf alle Vorg\u00e4nge im Zwangsversteigerungsverfahren korrekt und angstfrei zu reagieren und damit f\u00fcr den sie im Verfahren begleitenden Rechtsanwalt zu kompetenteren Gespr\u00e4chspartnern werden.<\/p>\n<p>Au\u00dferdem lernen Sie die Reaktionsabl\u00e4ufe von Gericht und Gl\u00e4ubiger kennen, so dass Sie imstande sind, den Weg, den beispielsweise ein Beschwerdevortrag nimmt, die Stellungnahmen von Rechtspfleger und Gl\u00e4ubiger, die Logik der verschiedenen Beschl\u00fcsse und Stellungnahmen im ersten und zweiten Rechtszug (Amtsgericht + Landgericht), richtig einzusch\u00e4tzen.<br \/>\n\u2026und viel Raum f\u00fcr Gespr\u00e4che, Gedankenaustausch, Ideen\u2026<\/p>\n<p>\u2014\u2014\u2014\u2014\u2014\u2014\u2014\u2014\u2014\u2014\u2014\u2014\u2014\u2014\u2014\u2014\u2014\u2014\u2014\u2014\u2014-<\/p>\n<p><strong>\u2026Sie sind interessiert?<\/strong><\/p>\n<p><strong>Lassen Sie sich f\u00fcr das n\u00e4chste Seminar unverbindlich vormerken!<\/strong><\/p>\n<p>Sie werden rechtzeitig \u00fcber die jeweils anstehenden Termine unterrichtet und bekommen auf jeden Fall einen Platz freigehalten.<\/p>\n<p>Schreiben Sie uns einfach eine entsprechende <a href=\"https:\/\/www.bzvi.de\/kontakt.html\">ANFRAGE<\/a> mit dem Stichwort \u201cGrundlagen-Seminar\u201d oder \u201cRechtsmittel-Seminar\u201d.<a href=\"http:\/\/bzvi.de\/tinc?key=Qi4RTAwt\" target=\"_blank\" rel=\"noopener\"><br \/>\n<\/a><\/p>\n<\/div>\n","protected":false},"excerpt":{"rendered":"<p>Ein differenziertes Wissen hinsichtlich der Lage, in der man sich als von der Zwangsversteigerung Betroffener befindet, ein Wissen um die Gesetze in Beziehung zum Rechtsalltag, die Denkweisen aller an diesem Prozess beteiligten Menschen (seien es die Rechtspfleger, B\u00e4nker, man selbst &hellip; <a class=\"more-link\" href=\"https:\/\/blog.bzvi.de\/?page_id=110\">weiterlesen<\/a><\/p>","protected":false},"author":1,"featured_media":0,"parent":0,"menu_order":4,"comment_status":"open","ping_status":"closed","template":"","meta":{"footnotes":""},"class_list":["post-110","page","type-page","status-publish","hentry"],"_links":{"self":[{"href":"https:\/\/blog.bzvi.de\/index.php?rest_route=\/wp\/v2\/pages\/110","targetHints":{"allow":["GET"]}}],"collection":[{"href":"https:\/\/blog.bzvi.de\/index.php?rest_route=\/wp\/v2\/pages"}],"about":[{"href":"https:\/\/blog.bzvi.de\/index.php?rest_route=\/wp\/v2\/types\/page"}],"author":[{"embeddable":true,"href":"https:\/\/blog.bzvi.de\/index.php?rest_route=\/wp\/v2\/users\/1"}],"replies":[{"embeddable":true,"href":"https:\/\/blog.bzvi.de\/index.php?rest_route=%2Fwp%2Fv2%2Fcomments&post=110"}],"version-history":[{"count":4,"href":"https:\/\/blog.bzvi.de\/index.php?rest_route=\/wp\/v2\/pages\/110\/revisions"}],"predecessor-version":[{"id":289,"href":"https:\/\/blog.bzvi.de\/index.php?rest_route=\/wp\/v2\/pages\/110\/revisions\/289"}],"wp:attachment":[{"href":"https:\/\/blog.bzvi.de\/index.php?rest_route=%2Fwp%2Fv2%2Fmedia&parent=110"}],"curies":[{"name":"wp","href":"https:\/\/api.w.org\/{rel}","templated":true}]}}