{"id":112,"date":"2013-12-24T19:42:16","date_gmt":"2013-12-24T18:42:16","guid":{"rendered":"http:\/\/blog.bzvi.de\/?page_id=112"},"modified":"2018-05-26T13:21:31","modified_gmt":"2018-05-26T12:21:31","slug":"krisenmanagement","status":"publish","type":"page","link":"https:\/\/blog.bzvi.de\/?page_id=112","title":{"rendered":"Krisenmanagement"},"content":{"rendered":"<p>Wenn man das Wort \u201cKrisenmanagement\u201d h\u00f6rt oder liest, denkt man unwillk\u00fcrlich an den Einsatz von s\u00fcndhaft teuren Unternehmensberatungen, psychologischem Coaching, und dergleichen mehr. Ebenso pl\u00f6tzlich schie\u00dft einem durch den Kopf: <em>Das ist doch nur was f\u00fcr gro\u00dfe Firmen, das k\u00f6nnte ich mir nie leisten, was wollen solche Leute mit mir, dem Looser, anfangen\u2026.<\/em><\/p>\n<p>Tatsache aber ist, dass wir in der Krise sind. Ja, wir selbst, und daraus ergibt sich zwangsl\u00e4ufig, dass sich alles prim\u00e4r um uns selbst dreht, dass wir selbst diejenigen sind, die einen Richtungswechsel vollziehen m\u00fcssen, weg vom Gewohnten, dem Denken, dem Urteilen, ja, vor allem der Verurteilung und Fixierung von uns selbst in dieser nun einmal entstandenen Situation.<\/p>\n<p>Um diesen Richtungswechsel zu beginnen \u2013 mit einem ersten Schritt \u2013 gibt es zahlreiche M\u00f6glichkeiten, f\u00fcr die der eine oder andere nur einen kleinen Schubs brauchen, weil sie eigentlich schon bereit sind, eine Verwandlung vorzunehmen \u2013 gr\u00fcndlich weich geklopft vom Leben und Schicksal, der falsche Stuck ist weitgehend abgeplatzt, teilweise schaut schon ein St\u00fcck Urgestein heraus.<\/p>\n<p>Andere wiederum sind noch weitgehend gefangen in den Maximen, Vorurteilen und gesellschaftlichen Projektionen unserer Zeit \u2013 und die brauchen denn doch den einen oder anderen wohlmeinenden \u201cTritt\u201d, damit sie den Mut aufbringen, \u00fcber die bisherige Gartenmauer einen Blick nach drau\u00dfen zu wagen.<\/p>\n<p>Unsere <a title=\"Seminare\" href=\"http:\/\/blog.bzvi.de\/?page_id=110\">Seminare<\/a> bieten da einen guten Einstieg, zum anderen werden wir in den Unterpunkten zum Thema einige Aspekte finden, die es sich vielleicht lohnt, etwas n\u00e4her unter die Lupe zu nehmen.<\/p>\n<p>Viele interessante Entdeckungen w\u00fcnschen wir Ihnen hierbei\u2026<\/p>\n","protected":false},"excerpt":{"rendered":"<p>Wenn man das Wort \u201cKrisenmanagement\u201d h\u00f6rt oder liest, denkt man unwillk\u00fcrlich an den Einsatz von s\u00fcndhaft teuren Unternehmensberatungen, psychologischem Coaching, und dergleichen mehr. Ebenso pl\u00f6tzlich schie\u00dft einem durch den Kopf: Das ist doch nur was f\u00fcr gro\u00dfe Firmen, das k\u00f6nnte &hellip; <a class=\"more-link\" href=\"https:\/\/blog.bzvi.de\/?page_id=112\">weiterlesen<\/a><\/p>","protected":false},"author":1,"featured_media":0,"parent":0,"menu_order":5,"comment_status":"open","ping_status":"closed","template":"","meta":{"footnotes":""},"class_list":["post-112","page","type-page","status-publish","hentry"],"_links":{"self":[{"href":"https:\/\/blog.bzvi.de\/index.php?rest_route=\/wp\/v2\/pages\/112","targetHints":{"allow":["GET"]}}],"collection":[{"href":"https:\/\/blog.bzvi.de\/index.php?rest_route=\/wp\/v2\/pages"}],"about":[{"href":"https:\/\/blog.bzvi.de\/index.php?rest_route=\/wp\/v2\/types\/page"}],"author":[{"embeddable":true,"href":"https:\/\/blog.bzvi.de\/index.php?rest_route=\/wp\/v2\/users\/1"}],"replies":[{"embeddable":true,"href":"https:\/\/blog.bzvi.de\/index.php?rest_route=%2Fwp%2Fv2%2Fcomments&post=112"}],"version-history":[{"count":1,"href":"https:\/\/blog.bzvi.de\/index.php?rest_route=\/wp\/v2\/pages\/112\/revisions"}],"predecessor-version":[{"id":113,"href":"https:\/\/blog.bzvi.de\/index.php?rest_route=\/wp\/v2\/pages\/112\/revisions\/113"}],"wp:attachment":[{"href":"https:\/\/blog.bzvi.de\/index.php?rest_route=%2Fwp%2Fv2%2Fmedia&parent=112"}],"curies":[{"name":"wp","href":"https:\/\/api.w.org\/{rel}","templated":true}]}}