{"id":114,"date":"2013-12-24T19:44:01","date_gmt":"2013-12-24T18:44:01","guid":{"rendered":"http:\/\/blog.bzvi.de\/?page_id=114"},"modified":"2018-05-26T13:23:09","modified_gmt":"2018-05-26T12:23:09","slug":"kopfkino","status":"publish","type":"page","link":"https:\/\/blog.bzvi.de\/?page_id=114","title":{"rendered":"Kopfkino"},"content":{"rendered":"<div>\n<p>Was man unter \u201cKino\u201d versteht? Nun ja, jeder wei\u00df es: Ein Abbild einer irgendwann aufgezeichneten Realit\u00e4t wird auf eine Leinwand projiziert.<\/p>\n<p>Und was ist dann \u201cKopfkino\u201d? Es ist unsere F\u00e4higkeit, aus dem Erlebten, Erlernten, Gewussten und Erahnten entsprechende Projektionen zu gestalten, es ist unsere F\u00e4higkeit, uns Vorstellungen zu machen \u2013 und die stellen wir immer wieder vor die \u00e4u\u00dfere Wirklichkeit.<\/p>\n<p>Was eigentlich ein Hilfsmittel sein soll f\u00fcr unser Bewusstsein, kann, wenn es zu m\u00e4chtig wird, unseren Blick nach drau\u00dfen verstellen, unsere Wahrnehmung ziemlich einschr\u00e4nken oder gar ganz blockieren und uns gewisserma\u00dfen gefangen nehmen im gro\u00dfen Theater der Vergangenheit, der gesellschaftlichen und von uns brav erlernten Maximen, unseren \u00c4ngsten und Hoffnungen und den vielen Bildern, an denen wir uns nicht genug satt sehen k\u00f6nnen, und die dann letztlich doch nicht ausreichen, um die bedr\u00e4ngende Wirklichkeit ganz aus unserem inneren Lichtspielhaus auszusperren.<\/p>\n<p>In den n\u00e4chsten Tagen werden Sie an dieser Stelle einen link finden zu einem Aufsatz \u00fcber dieses Thema, der nicht nur die Mechanismen des Kopfkinos genauer beschreibt, sondern auch Mittel und Wege aufzeigt, unsere Vorstellungskraft wieder zur\u00fcckzuf\u00fchren zu dem, was sie sein soll: Ein Hilfsmittel f\u00fcr unser Bewusstsein und kein Gef\u00e4ngnisw\u00e4rter f\u00fcr unsere Seelen.<\/p>\n<p>Au\u00dferdem werden wir auf Wunsch ein Seminar dazu anbieten, an dessen Ende hoffentlich jeder Teilnehmer ein St\u00fcck freier geworden sein wird von den Kulissen, die wir im Laufe des Lebens um uns herum erbaut haben.<\/p>\n<p><strong>Sie sind interessiert? <\/strong><\/p>\n<p>Schicken Sie eine <a href=\"https:\/\/bzvi.de\/kontakt.html\" target=\"_blank\" rel=\"noopener\">ANFRAGE<\/a> mit dem Stichwort <strong>\u201cKopfkino-Seminar\u201d<\/strong>.<\/p>\n<p>Sobald gen\u00fcgend Interessenten beisammen sind, wird ein Termin dazu angesetzt.<\/p>\n<\/div>\n","protected":false},"excerpt":{"rendered":"<p>Was man unter \u201cKino\u201d versteht? Nun ja, jeder wei\u00df es: Ein Abbild einer irgendwann aufgezeichneten Realit\u00e4t wird auf eine Leinwand projiziert. Und was ist dann \u201cKopfkino\u201d? Es ist unsere F\u00e4higkeit, aus dem Erlebten, Erlernten, Gewussten und Erahnten entsprechende Projektionen zu &hellip; <a class=\"more-link\" href=\"https:\/\/blog.bzvi.de\/?page_id=114\">weiterlesen<\/a><\/p>","protected":false},"author":1,"featured_media":0,"parent":112,"menu_order":1,"comment_status":"open","ping_status":"open","template":"","meta":{"footnotes":""},"class_list":["post-114","page","type-page","status-publish","hentry"],"_links":{"self":[{"href":"https:\/\/blog.bzvi.de\/index.php?rest_route=\/wp\/v2\/pages\/114","targetHints":{"allow":["GET"]}}],"collection":[{"href":"https:\/\/blog.bzvi.de\/index.php?rest_route=\/wp\/v2\/pages"}],"about":[{"href":"https:\/\/blog.bzvi.de\/index.php?rest_route=\/wp\/v2\/types\/page"}],"author":[{"embeddable":true,"href":"https:\/\/blog.bzvi.de\/index.php?rest_route=\/wp\/v2\/users\/1"}],"replies":[{"embeddable":true,"href":"https:\/\/blog.bzvi.de\/index.php?rest_route=%2Fwp%2Fv2%2Fcomments&post=114"}],"version-history":[{"count":2,"href":"https:\/\/blog.bzvi.de\/index.php?rest_route=\/wp\/v2\/pages\/114\/revisions"}],"predecessor-version":[{"id":290,"href":"https:\/\/blog.bzvi.de\/index.php?rest_route=\/wp\/v2\/pages\/114\/revisions\/290"}],"up":[{"embeddable":true,"href":"https:\/\/blog.bzvi.de\/index.php?rest_route=\/wp\/v2\/pages\/112"}],"wp:attachment":[{"href":"https:\/\/blog.bzvi.de\/index.php?rest_route=%2Fwp%2Fv2%2Fmedia&parent=114"}],"curies":[{"name":"wp","href":"https:\/\/api.w.org\/{rel}","templated":true}]}}