{"id":116,"date":"2013-12-24T19:45:33","date_gmt":"2013-12-24T18:45:33","guid":{"rendered":"http:\/\/blog.bzvi.de\/?page_id=116"},"modified":"2013-12-24T19:45:33","modified_gmt":"2013-12-24T18:45:33","slug":"forderungsverkaeufe","status":"publish","type":"page","link":"https:\/\/blog.bzvi.de\/?page_id=116","title":{"rendered":"Forderungsverk\u00e4ufe"},"content":{"rendered":"<div>\n<p>Um die Verbraucher besser gegen\u00fcber der Kreditwirtschaft zu sch\u00fctzen, trat am 19. August 2008 das sog. Risikobegrenzungsgesetz in Kraft.<\/p>\n<p>Hier ein <a href=\"http:\/\/de.wikipedia.org\/wiki\/Risikobegrenzungsgesetz\" target=\"_blank\">\u00dcberblick<\/a> (Wikipedia) zu den Auswirkungen mit weiterf\u00fchrenden links.<\/p>\n<p>Hier der <a href=\"http:\/\/217.160.60.235\/BGBL\/bgbl1f\/bgbl108s1666.pdf\" target=\"_blank\">Gesetzestext<\/a> (Bundesanzeiger-Verlag \/ Bundesgesetzblatt)<\/p>\n<\/div>\n","protected":false},"excerpt":{"rendered":"<p>Um die Verbraucher besser gegen\u00fcber der Kreditwirtschaft zu sch\u00fctzen, trat am 19. August 2008 das sog. Risikobegrenzungsgesetz in Kraft. Hier ein \u00dcberblick (Wikipedia) zu den Auswirkungen mit weiterf\u00fchrenden links. Hier der Gesetzestext (Bundesanzeiger-Verlag \/ Bundesgesetzblatt) <a class=\"more-link\" href=\"https:\/\/blog.bzvi.de\/?page_id=116\">weiterlesen<\/a><\/p>","protected":false},"author":1,"featured_media":0,"parent":112,"menu_order":2,"comment_status":"open","ping_status":"open","template":"","meta":{"footnotes":""},"class_list":["post-116","page","type-page","status-publish","hentry"],"_links":{"self":[{"href":"https:\/\/blog.bzvi.de\/index.php?rest_route=\/wp\/v2\/pages\/116","targetHints":{"allow":["GET"]}}],"collection":[{"href":"https:\/\/blog.bzvi.de\/index.php?rest_route=\/wp\/v2\/pages"}],"about":[{"href":"https:\/\/blog.bzvi.de\/index.php?rest_route=\/wp\/v2\/types\/page"}],"author":[{"embeddable":true,"href":"https:\/\/blog.bzvi.de\/index.php?rest_route=\/wp\/v2\/users\/1"}],"replies":[{"embeddable":true,"href":"https:\/\/blog.bzvi.de\/index.php?rest_route=%2Fwp%2Fv2%2Fcomments&post=116"}],"version-history":[{"count":1,"href":"https:\/\/blog.bzvi.de\/index.php?rest_route=\/wp\/v2\/pages\/116\/revisions"}],"predecessor-version":[{"id":117,"href":"https:\/\/blog.bzvi.de\/index.php?rest_route=\/wp\/v2\/pages\/116\/revisions\/117"}],"up":[{"embeddable":true,"href":"https:\/\/blog.bzvi.de\/index.php?rest_route=\/wp\/v2\/pages\/112"}],"wp:attachment":[{"href":"https:\/\/blog.bzvi.de\/index.php?rest_route=%2Fwp%2Fv2%2Fmedia&parent=116"}],"curies":[{"name":"wp","href":"https:\/\/api.w.org\/{rel}","templated":true}]}}