{"id":124,"date":"2013-12-24T19:58:48","date_gmt":"2013-12-24T18:58:48","guid":{"rendered":"http:\/\/blog.bzvi.de\/?page_id=124"},"modified":"2013-12-24T20:04:28","modified_gmt":"2013-12-24T19:04:28","slug":"links-zu-rechtsquellen","status":"publish","type":"page","link":"https:\/\/blog.bzvi.de\/?page_id=124","title":{"rendered":"Links zu Rechtsquellen"},"content":{"rendered":"<div>\n<p>Eine wichtige neue Entscheidung des Bundesgerichtshofes setzt Signale f\u00fcr mehr Gerechtigkeit und weist dabei \u00fcber den konkreten Fall dieses Verfahrens weit hinaus.\u00a0 Wenn zuk\u00fcnftig ein Zuschlag erteilt wird und dabei eine unterlassene Rechtsmittelbelehrung bzw. Rechtsbelehrung (laut BGH) urs\u00e4chlich daf\u00fcr ist, muss im Ergebnis der Zuschlag aufgehoben werden. Den Volltext des Beschlusses finden Sie hier:<\/p>\n<p><a href=\"http:\/\/juris.bundesgerichtshof.de\/cgi-bin\/rechtsprechung\/document.py?Gericht=bgh&amp;Art=en&amp;sid=a805a0066c471a66837b54aa24f1f912&amp;nr=47821&amp;pos=15&amp;anz=21\" target=\"_blank\">Beschluss des BGH vom 26.03.2009<\/a><\/p>\n<\/div>\n","protected":false},"excerpt":{"rendered":"<p>Eine wichtige neue Entscheidung des Bundesgerichtshofes setzt Signale f\u00fcr mehr Gerechtigkeit und weist dabei \u00fcber den konkreten Fall dieses Verfahrens weit hinaus.\u00a0 Wenn zuk\u00fcnftig ein Zuschlag erteilt wird und dabei eine unterlassene Rechtsmittelbelehrung bzw. Rechtsbelehrung (laut BGH) urs\u00e4chlich daf\u00fcr ist, &hellip; <a class=\"more-link\" href=\"https:\/\/blog.bzvi.de\/?page_id=124\">weiterlesen<\/a><\/p>","protected":false},"author":1,"featured_media":0,"parent":0,"menu_order":8,"comment_status":"open","ping_status":"closed","template":"","meta":{"footnotes":""},"class_list":["post-124","page","type-page","status-publish","hentry"],"_links":{"self":[{"href":"https:\/\/blog.bzvi.de\/index.php?rest_route=\/wp\/v2\/pages\/124","targetHints":{"allow":["GET"]}}],"collection":[{"href":"https:\/\/blog.bzvi.de\/index.php?rest_route=\/wp\/v2\/pages"}],"about":[{"href":"https:\/\/blog.bzvi.de\/index.php?rest_route=\/wp\/v2\/types\/page"}],"author":[{"embeddable":true,"href":"https:\/\/blog.bzvi.de\/index.php?rest_route=\/wp\/v2\/users\/1"}],"replies":[{"embeddable":true,"href":"https:\/\/blog.bzvi.de\/index.php?rest_route=%2Fwp%2Fv2%2Fcomments&post=124"}],"version-history":[{"count":1,"href":"https:\/\/blog.bzvi.de\/index.php?rest_route=\/wp\/v2\/pages\/124\/revisions"}],"predecessor-version":[{"id":125,"href":"https:\/\/blog.bzvi.de\/index.php?rest_route=\/wp\/v2\/pages\/124\/revisions\/125"}],"wp:attachment":[{"href":"https:\/\/blog.bzvi.de\/index.php?rest_route=%2Fwp%2Fv2%2Fmedia&parent=124"}],"curies":[{"name":"wp","href":"https:\/\/api.w.org\/{rel}","templated":true}]}}