{"id":66,"date":"2013-12-24T17:04:29","date_gmt":"2013-12-24T16:04:29","guid":{"rendered":"http:\/\/blog.bzvi.de\/?page_id=66"},"modified":"2018-05-26T13:33:10","modified_gmt":"2018-05-26T12:33:10","slug":"impressum","status":"publish","type":"page","link":"https:\/\/blog.bzvi.de\/?page_id=66","title":{"rendered":"Impressum"},"content":{"rendered":"<div>\n<p>B\u00fcndnis f\u00fcr Zwangsversteigerungs- und Insolvenzbetroffene e. V.<br \/>\nVereinssitz: Auerbach \/ Vogtland<br \/>\nB\u00fcroadresse:<br \/>\nErlinger H\u00f6he 9<br \/>\n82346 Andechs<\/p>\n<p>1. Vorsitzende Cornelia B\u00f6hmer<\/p>\n<p>Eingetragen beim Registergericht Chemnitz unter VR 31018<br \/>\nSteuernummer 219\/142\/05996<\/p>\n<p>Bankverbindung:<br \/>\nKonto: 361 000 8260<br \/>\nSparkasse Vogtland<br \/>\nBLZ: 870 580 00<\/p>\n<p>Webseite: <a href=\"https:\/\/www.bzvi.de\" target=\"_blank\" rel=\"noopener\">www.bzvi.de<\/a><br \/>\nEmail: info@bzvi.de<br \/>\nFax und Anrufbeantworter: 03212-9099762<\/p>\n<p>Administrator dieser Website: Gerd E. Gmelin<\/p>\n<p>Haftungshinweis:<\/p>\n<p>Trotz sorgf\u00e4ltiger inhaltlicher Kontrolle \u00fcbernehmen wir keine Haftung f\u00fcr die Inhalte externer Links. F\u00fcr den Inhalt der verlinkten Seiten sind ausschlie\u00dflich deren Betreiber verantwortlich.<\/p>\n<p><strong>Bei den Hinweisen und Angaben des BZVI e. V. handelt es sich nicht um eine steuerliche und\/oder Rechtsberatung Dritten gegen\u00fcber im Sinne des Rechtsdienstleistungsgesetzes oder einschl\u00e4giger Vorschriften.<\/strong><\/p>\n<p>Das BZVI e. V. ist alleiniger Inhaber der auf dieser Website erhobenen Informationen. Wir erheben nur Informationen, die uns helfen, den Service f\u00fcr Sie zu verbessern. Die Informationen werden nicht \u2013 ohne Ihr Einverst\u00e4ndnis \u2013 ver\u00e4u\u00dfert oder auf eine andere Weise, die nicht durch diese Erkl\u00e4rung ausgeschlossen ist, an andere weitergegeben, au\u00dfer, wenn wir dies in gutem Glauben aus gesetzlichen Gr\u00fcnden f\u00fcr notwendig halten oder wenn es notwendig ist, die Rechte und das Eigentum des BZVI e. V. zu wahren, oder wenn die pers\u00f6nliche Sicherheit des Personals oder der \u00d6ffentlichkeit gef\u00e4hrdet ist.<\/p>\n<p>Alle Informationen auf dieser Website: Copyright 2018 von BZVI e. V.<\/p>\n<p>\u2014\u2014\u2014\u2014\u2014\u2014\u2014\u2014\u2014\u2014\u2014\u2014\u2014\u2013<\/p>\n<p><strong>In unseren \u00f6ffentlichen Seminaren wird den Teilnehmern keine individuelle Rechtsberatung angeboten.<\/strong><\/p>\n<p>Die Informationen, die wir zusammentragen, stammen ausschlie\u00dflich aus \u00f6ffentlich zug\u00e4nglichen Informationsquellen sowie Urteilsdatenbanken und werden mit dem Ziel vermittelt, dass Sie ihre eigene Situation besser einsch\u00e4tzen k\u00f6nnen, weniger Angst und Panik empfinden und durch einen breiteren Kenntnisstand in der Lage sind, die eigene Realit\u00e4t besser zu erkennen und anzunehmen.<\/p>\n<p>Auch wenn im Zwangsversteigerungsverfahren auf Ebene des ersten Rechtszuges (Amtsgericht \u2013 Vollstreckungsgericht) kein Anwaltszwang herrscht, empfehlen wir Ihnen grunds\u00e4tzlich, auf jeden Fall einen in der Sache kompetenten Rechtsanwalt Ihrer Wahl hinzu zu ziehen.<\/p>\n<p>Lassen Sie sich au\u00dferdem niemals zu illegalen Ma\u00dfnahmen verleiten, die Ihnen oftmals von mitunter extrem teuren \u201eHelfern\u201c offeriert werden, die lediglich Ihre Notlage finanziell ausnutzen wollen, sobald Ihre eigene Zwangsversteigerung \u00f6ffentlich bekannt wird. Dies f\u00fchrt zu nichts und endet oftmals in Strafverfahren, die gegen Sie und die ggf. Mitbeteiligten er\u00f6ffnet werden.<\/p>\n<\/div>\n","protected":false},"excerpt":{"rendered":"<p>B\u00fcndnis f\u00fcr Zwangsversteigerungs- und Insolvenzbetroffene e. V. Vereinssitz: Auerbach \/ Vogtland B\u00fcroadresse: Erlinger H\u00f6he 9 82346 Andechs 1. Vorsitzende Cornelia B\u00f6hmer Eingetragen beim Registergericht Chemnitz unter VR 31018 Steuernummer 219\/142\/05996 Bankverbindung: Konto: 361 000 8260 Sparkasse Vogtland BLZ: 870 580 &hellip; <a class=\"more-link\" href=\"https:\/\/blog.bzvi.de\/?page_id=66\">weiterlesen<\/a><\/p>","protected":false},"author":1,"featured_media":0,"parent":0,"menu_order":6,"comment_status":"open","ping_status":"closed","template":"","meta":{"footnotes":""},"class_list":["post-66","page","type-page","status-publish","hentry"],"_links":{"self":[{"href":"https:\/\/blog.bzvi.de\/index.php?rest_route=\/wp\/v2\/pages\/66","targetHints":{"allow":["GET"]}}],"collection":[{"href":"https:\/\/blog.bzvi.de\/index.php?rest_route=\/wp\/v2\/pages"}],"about":[{"href":"https:\/\/blog.bzvi.de\/index.php?rest_route=\/wp\/v2\/types\/page"}],"author":[{"embeddable":true,"href":"https:\/\/blog.bzvi.de\/index.php?rest_route=\/wp\/v2\/users\/1"}],"replies":[{"embeddable":true,"href":"https:\/\/blog.bzvi.de\/index.php?rest_route=%2Fwp%2Fv2%2Fcomments&post=66"}],"version-history":[{"count":9,"href":"https:\/\/blog.bzvi.de\/index.php?rest_route=\/wp\/v2\/pages\/66\/revisions"}],"predecessor-version":[{"id":295,"href":"https:\/\/blog.bzvi.de\/index.php?rest_route=\/wp\/v2\/pages\/66\/revisions\/295"}],"wp:attachment":[{"href":"https:\/\/blog.bzvi.de\/index.php?rest_route=%2Fwp%2Fv2%2Fmedia&parent=66"}],"curies":[{"name":"wp","href":"https:\/\/api.w.org\/{rel}","templated":true}]}}